{"id":3,"date":"2022-02-15T12:15:34","date_gmt":"2022-02-15T12:15:34","guid":{"rendered":"https:\/\/mpcp-advogados.com\/?page_id=3"},"modified":"2024-09-10T15:43:47","modified_gmt":"2024-09-10T15:43:47","slug":"privacy-policy","status":"publish","type":"page","link":"https:\/\/mpcp-advogados.com\/en\/privacy-policy\/","title":{"rendered":"Privacy Policy"},"content":{"rendered":"<div id=\"fws_69fc5246ada21\"  data-column-margin=\"default\" data-midnight=\"dark\"  class=\"wpb_row vc_row-fluid vc_row\"  style=\"padding-top: 0px; padding-bottom: 0px; \"><div class=\"row-bg-wrap\" data-bg-animation=\"none\" data-bg-overlay=\"false\"><div class=\"inner-wrap\"><div class=\"row-bg viewport-desktop\"  style=\"\"><\/div><\/div><\/div><div class=\"row_col_wrap_12 col span_12 dark left\">\n\t<div  class=\"vc_col-sm-12 wpb_column column_container vc_column_container col no-extra-padding inherit_tablet inherit_phone\"  data-padding-pos=\"all\" data-has-bg-color=\"false\" data-bg-color=\"\" data-bg-opacity=\"1\" data-animation=\"\" data-delay=\"0\" >\n\t\t<div class=\"vc_column-inner\" >\n\t\t\t<div class=\"wpb_wrapper\">\n\t\t\t\t\n<div class=\"wpb_text_column wpb_content_element\" >\n\t<div class=\"wpb_wrapper\">\n\t\t<h3><strong>Terms of Use<\/strong><\/h3>\n<p>The content of this website is made available exclusively for the purpose of providing general information and does not constitute any provision of legal services. The company \u201cMARQUES PINTO &amp; CALDAS PATR\u00cdCIO \u2013 SOCIEDADE DE ADVOGADOS, SP, RL\u201d excludes its liability for any damages that may occur related to the information contained herein. This site is for informational purposes only and does not contain advertising content.<\/p>\n<p>The company \u201cMARQUES PINTO &amp; CALDAS PATR\u00cdCIO \u2013 SOCIEDADE DE ADVOGADOS, SP,RL\u201d authorizes the downloading and temporary storage of the content of this website for the purpose of viewing it on a personal device. The reproduction, permanent storage or retransmission of the contents of this site are expressly prohibited without the prior written authorization of our company. All rights relating to this website are the exclusive property of the company \u201cMARQUES PINTO &amp; CALDAS PATR\u00cdCIO \u2013 SOCIEDADE DE ADVOGADOS, SP, RL\u201d.<\/p>\n<p>&nbsp;<\/p>\n<h3><strong>Privacy Policy<\/strong><\/h3>\n<p>The company \u201cMARQUES PINTO &amp; CALDAS PATR\u00cdCIO \u2013 SOCIEDADE DE ADVOGADOS, SP, RL\u201d respects your privacy. This Privacy Policy describes who we are, for what purposes we may use your data, how we treat it, who we share it with, how long we keep it, as well as the ways to contact us and exercise your rights.<\/p>\n<p>&nbsp;<\/p>\n<h4>Who we are?<\/h4>\n<p>Your data will be processed by our company, headquartered at Av. Duque de Loul\u00e9, 24, 7 Esq., 1050-090 Lisboa, which is the entity responsible for the processing of personal data within the meaning of the General Data Protection Regulation .<\/p>\n<p>&nbsp;<\/p>\n<h4>Why do we process your information?<\/h4>\n<p>The company \u201cMARQUES PINTO &amp; CALDAS PATR\u00cdCIO \u2013 SOCIEDADE DE ADVOGADOS, SP, RL\u201d will only process your personal data:<\/p>\n<ol>\n<li>For the purposes of fulfilling a contract, such as contracts for the provision of legal services, or contracts with our suppliers;<\/li>\n<li>In pursuit of a legitimate interest, namely to:\n<ul>\n<li>a) Desenvolvimento e manuten\u00e7\u00e3o do nosso s\u00edtio;<\/li>\n<li>b) Presta\u00e7\u00e3o de assist\u00eancia t\u00e9cnica;<\/li>\n<li>c) Preven\u00e7\u00e3o e detec\u00e7\u00e3o de fraude;<\/li>\n<li>d) Assegurar a seguran\u00e7a de rede e de informa\u00e7\u00e3o;<\/li>\n<li>e) Presta\u00e7\u00e3o de servi\u00e7os ou informa\u00e7\u00e3o<\/li>\n<\/ul>\n<p>&nbsp;<\/li>\n<li>Com o seu consentimento para tratar os seus dados pessoais para finalidades espec\u00edficas, expl\u00edcitas e leg\u00edtimas; e\/ou<\/li>\n<li>If necessary for the purposes of complying with applicable legal obligations;<\/li>\n<\/ol>\n<p>&nbsp;<\/p>\n<h4>For what purpose do we process your information?<\/h4>\n<p>When you fill out the forms available on our website, your personal data (such as name, email, telephone number or address) are collected by our company and processed in order to respond to your questions and requests or provide you with information. .<br \/>\nYou may object to the processing of your data at any time.<br \/>\nYour consent is essential for the company \u201cMARQUES PINTO &amp; CALDAS PATR\u00cdCIO \u2013 SOCIEDADE DE ADVOGADOS, SP, RL\u201d to process your personal data for the purposes described above. However, if you choose not to give your consent, your visit and use of our website will not be affected.<\/p>\n<p>&nbsp;<\/p>\n<h4>How long do we keep your information?<\/h4>\n<p>Our policy is to retain data only for the period necessary to fulfill the purposes for which it was collected. However, in certain cases we may retain data for longer periods, particularly due to legal requirements.<\/p>\n<p>&nbsp;<\/p>\n<h4>What are my rights?<\/h4>\n<p>At any time, you can:<\/p>\n<ol>\n<li style=\"list-style-type: none;\">\n<ol>\n<li style=\"list-style-type: none;\">\n<ol>\n<li>Solicitar o acesso \u00e0 informa\u00e7\u00e3o que mantemos sobre si.<\/li>\n<li>Solicitar a rectifica\u00e7\u00e3o da informa\u00e7\u00e3o caso esteja inexacta ou incompleta.<\/li>\n<li>Request that your personal data be deleted.<br \/>\nAs the holder of personal data, you have the right to request our company \u201cMARQUES PINTO &amp; CALDAS PATR\u00cdCIO \u2013 SOCIEDADE DE ADVOGADOS, SP, RL\u201d to delete your data without undue delay, and our company has the obligation to delete the data without undue delay, when, in particular, one of the following reasons applies:<br \/>\nOs dados pessoais deixaram de ser necess\u00e1rios para a finalidade que motivou a sua recolha ou tratamento;<br \/>\nCaso tenha retirado o seu consentimento para o tratamento de dados (nos casos em que o tratamento \u00e9 baseado no\u00a0\u00a0\u00a0 consentimento) e n\u00e3o existir outro fundamento para o referido tratamento;<br \/>\nCaso se oponha ao tratamento e n\u00e3o existem interesses leg\u00edtimos prevalecentes que justifiquem o tratamento.<\/li>\n<li>Solicitar a\u00a0limita\u00e7\u00e3o do tratamento\u00a0dos seus dados pessoais.<br \/>\nAs a data holder, you have the right to request our company \u201cMARQUES PINTO &amp; CALDAS PATR\u00cdCIO \u2013 SOCIEDADE DE ADVOGADOS, SP, RL\u201d to limit the processing of your data if, in particular, one of the following situations applies:<\/p>\n<ul>\n<li>a) Contesta\u00e7\u00e3o sobre exactid\u00e3o dos dados pessoais, durante um per\u00edodo que permita ao Escrit\u00f3rio verificar a sua exactid\u00e3o;<\/li>\n<li>b) O tratamento de dados for l\u00edcito e o titular dos dados se opuser ao apagamento dos dados pessoais e solicitar, em contrapartida, a limita\u00e7\u00e3o da sua utiliza\u00e7\u00e3o;<\/li>\n<li>c)\u00a0A nossa sociedade j\u00e1 n\u00e3o precisar dos dados pessoais para fins de tratamento, mas esses dados s\u00e3o requeridos pelo titular para efeitos de declara\u00e7\u00e3o, exerc\u00edcio ou defesa de um direito num processo judicial;<\/li>\n<li>d)\u00a0Caso se tenha oposto ao tratamento, at\u00e9 se verificar que os motivos leg\u00edtimos do respons\u00e1vel pelo tratamento prevalecem sobre os do titular dos dados.<\/li>\n<\/ul>\n<p>&nbsp;<\/li>\n<li>Opor-se\u00a0ao tratamento dos seus dados pessoais.<\/li>\n<li>Se o tratamento depender do seu\u00a0consentimento,\u00a0tem direito a\u00a0retir\u00e1-lo.<\/li>\n<\/ol>\n<\/li>\n<\/ol>\n<p>&nbsp;<\/p>\n<p>Caso pretenda exercer qualquer um dos seus direitos, e\/ou obter qualquer esclarecimento sobre tratamento dos seus dados pessoais, dever\u00e1 contactar-nos, por escrito, atrav\u00e9s do endere\u00e7o de correio electr\u00f3nico info@mpcp-legal.com ou por carta, enviada para a morada Av. Duque de Loul\u00e9, 24, 7 Esq., 1050-090 Lisboa.<br \/>\nCaso assim entenda, tem ainda o direito de apresentar uma reclama\u00e7\u00e3o \u00e0 Comiss\u00e3o Nacional de Protec\u00e7\u00e3o de Dados.<\/p>\n<p>&nbsp;<\/p>\n<h4>Security and Confidentiality<\/h4>\n<p>We are committed to keeping your data secure, and we employ appropriate security measures to ensure the protection of your personal data and prevent access to it by unauthorized persons. We subject our security systems and policies to periodic reviews to ensure that data is safe and protected.<\/p>\n<p>A confidencialidade da sua informa\u00e7\u00e3o ser\u00e1 respeitada, segundo a presente Pol\u00edtica de Privacidade e a legisla\u00e7\u00e3o aplic\u00e1vel. N\u00e3o vendemos, distribu\u00edmos ou de qualquer outro modo disponibilizamos comercialmente a sua informa\u00e7\u00e3o a qualquer terceiro.<\/li>\n<\/ol>\n\t<\/div>\n<\/div>\n\n\n\n\n\t\t\t<\/div> \n\t\t<\/div>\n\t<\/div> \n<\/div><\/div>","protected":false},"excerpt":{"rendered":"Termos de Utiliza\u00e7\u00e3o O conte\u00fado deste site \u00e9 disponibilizado exclusivamente com o objectivo de fornecer informa\u00e7\u00f5es de car\u00e1cter geral e n\u00e3o constitui qualquer presta\u00e7\u00e3o de servi\u00e7os jur\u00eddicos. A sociedade \u201cMARQUES...","protected":false},"author":1,"featured_media":0,"parent":0,"menu_order":0,"comment_status":"closed","ping_status":"open","template":"","meta":{"inline_featured_image":false,"_monsterinsights_skip_tracking":false,"_monsterinsights_sitenote_active":false,"_monsterinsights_sitenote_note":"","_monsterinsights_sitenote_category":0,"footnotes":""},"class_list":["post-3","page","type-page","status-publish"],"yoast_head":"<!-- This site is optimized with the Yoast SEO plugin v26.4 - https:\/\/yoast.com\/wordpress\/plugins\/seo\/ -->\n<title>Pol\u00edtica de privacidade - MPCP Advogados<\/title>\n<meta name=\"robots\" content=\"index, follow, max-snippet:-1, max-image-preview:large, max-video-preview:-1\" \/>\n<link rel=\"canonical\" href=\"https:\/\/mpcp-advogados.com\/en\/privacy-policy\/\" \/>\n<meta property=\"og:locale\" content=\"en_GB\" \/>\n<meta property=\"og:type\" content=\"article\" \/>\n<meta property=\"og:title\" content=\"Pol\u00edtica de privacidade - MPCP Advogados\" \/>\n<meta property=\"og:url\" content=\"https:\/\/mpcp-advogados.com\/en\/privacy-policy\/\" \/>\n<meta property=\"og:site_name\" content=\"MPCP Advogados\" \/>\n<meta property=\"article:modified_time\" content=\"2024-09-10T15:43:47+00:00\" \/>\n<meta name=\"twitter:card\" content=\"summary_large_image\" \/>\n<meta name=\"twitter:label1\" content=\"Estimated reading time\" \/>\n\t<meta name=\"twitter:data1\" content=\"6 minutes\" \/>\n<script type=\"application\/ld+json\" class=\"yoast-schema-graph\">{\"@context\":\"https:\/\/schema.org\",\"@graph\":[{\"@type\":\"WebPage\",\"@id\":\"https:\/\/mpcp-advogados.com\/politica-privacidade\/\",\"url\":\"https:\/\/mpcp-advogados.com\/politica-privacidade\/\",\"name\":\"Pol\u00edtica de privacidade - MPCP Advogados\",\"isPartOf\":{\"@id\":\"https:\/\/mpcp-advogados.com\/#website\"},\"datePublished\":\"2022-02-15T12:15:34+00:00\",\"dateModified\":\"2024-09-10T15:43:47+00:00\",\"breadcrumb\":{\"@id\":\"https:\/\/mpcp-advogados.com\/politica-privacidade\/#breadcrumb\"},\"inLanguage\":\"en-GB\",\"potentialAction\":[{\"@type\":\"ReadAction\",\"target\":[\"https:\/\/mpcp-advogados.com\/politica-privacidade\/\"]}]},{\"@type\":\"BreadcrumbList\",\"@id\":\"https:\/\/mpcp-advogados.com\/politica-privacidade\/#breadcrumb\",\"itemListElement\":[{\"@type\":\"ListItem\",\"position\":1,\"name\":\"In\u00edcio\",\"item\":\"https:\/\/mpcp-advogados.com\/\"},{\"@type\":\"ListItem\",\"position\":2,\"name\":\"Pol\u00edtica de privacidade\"}]},{\"@type\":\"WebSite\",\"@id\":\"https:\/\/mpcp-advogados.com\/#website\",\"url\":\"https:\/\/mpcp-advogados.com\/\",\"name\":\"MPCP Advogados\",\"description\":\"Marques Pinto &amp; Caldas Patricio \u2013 Advogados \u00e9 um escrit\u00f3rio de advogados din\u00e2mico e pluridisciplinar, focado nas necessidades dos seus clientes e na valoriza\u00e7\u00e3o dos seus direitos e patrim\u00f3nio, adoptando uma abordagem de proximidade e disponibilidade.\",\"publisher\":{\"@id\":\"https:\/\/mpcp-advogados.com\/#organization\"},\"potentialAction\":[{\"@type\":\"SearchAction\",\"target\":{\"@type\":\"EntryPoint\",\"urlTemplate\":\"https:\/\/mpcp-advogados.com\/?s={search_term_string}\"},\"query-input\":{\"@type\":\"PropertyValueSpecification\",\"valueRequired\":true,\"valueName\":\"search_term_string\"}}],\"inLanguage\":\"en-GB\"},{\"@type\":\"Organization\",\"@id\":\"https:\/\/mpcp-advogados.com\/#organization\",\"name\":\"MPCP Advogados\",\"url\":\"https:\/\/mpcp-advogados.com\/\",\"logo\":{\"@type\":\"ImageObject\",\"inLanguage\":\"en-GB\",\"@id\":\"https:\/\/mpcp-advogados.com\/#\/schema\/logo\/image\/\",\"url\":\"https:\/\/mpcp-advogados.com\/wp-content\/uploads\/2022\/02\/lmpcp-logo-black.svg\",\"contentUrl\":\"https:\/\/mpcp-advogados.com\/wp-content\/uploads\/2022\/02\/lmpcp-logo-black.svg\",\"width\":239,\"height\":79,\"caption\":\"MPCP Advogados\"},\"image\":{\"@id\":\"https:\/\/mpcp-advogados.com\/#\/schema\/logo\/image\/\"}}]}<\/script>\n<!-- \/ Yoast SEO plugin. -->","yoast_head_json":{"title":"Privacy policy - MPCP Advogados","robots":{"index":"index","follow":"follow","max-snippet":"max-snippet:-1","max-image-preview":"max-image-preview:large","max-video-preview":"max-video-preview:-1"},"canonical":"https:\/\/mpcp-advogados.com\/en\/privacy-policy\/","og_locale":"en_GB","og_type":"article","og_title":"Pol\u00edtica de privacidade - MPCP Advogados","og_url":"https:\/\/mpcp-advogados.com\/en\/privacy-policy\/","og_site_name":"MPCP Advogados","article_modified_time":"2024-09-10T15:43:47+00:00","twitter_card":"summary_large_image","twitter_misc":{"Estimated reading time":"6 minutes"},"schema":{"@context":"https:\/\/schema.org","@graph":[{"@type":"WebPage","@id":"https:\/\/mpcp-advogados.com\/politica-privacidade\/","url":"https:\/\/mpcp-advogados.com\/politica-privacidade\/","name":"Privacy policy - MPCP Advogados","isPartOf":{"@id":"https:\/\/mpcp-advogados.com\/#website"},"datePublished":"2022-02-15T12:15:34+00:00","dateModified":"2024-09-10T15:43:47+00:00","breadcrumb":{"@id":"https:\/\/mpcp-advogados.com\/politica-privacidade\/#breadcrumb"},"inLanguage":"en-GB","potentialAction":[{"@type":"ReadAction","target":["https:\/\/mpcp-advogados.com\/politica-privacidade\/"]}]},{"@type":"BreadcrumbList","@id":"https:\/\/mpcp-advogados.com\/politica-privacidade\/#breadcrumb","itemListElement":[{"@type":"ListItem","position":1,"name":"In\u00edcio","item":"https:\/\/mpcp-advogados.com\/"},{"@type":"ListItem","position":2,"name":"Pol\u00edtica de privacidade"}]},{"@type":"WebSite","@id":"https:\/\/mpcp-advogados.com\/#website","url":"https:\/\/mpcp-advogados.com\/","name":"MPCP Lawyers","description":"Marques Pinto &amp; Caldas Patricio - Advogados is a dynamic and multidisciplinary law firm in Lisbon, focused on the needs of its clients and on the valuation of their rights and assets, adopting an approach of proximity and availability.","publisher":{"@id":"https:\/\/mpcp-advogados.com\/#organization"},"potentialAction":[{"@type":"SearchAction","target":{"@type":"EntryPoint","urlTemplate":"https:\/\/mpcp-advogados.com\/?s={search_term_string}"},"query-input":{"@type":"PropertyValueSpecification","valueRequired":true,"valueName":"search_term_string"}}],"inLanguage":"en-GB"},{"@type":"Organization","@id":"https:\/\/mpcp-advogados.com\/#organization","name":"MPCP Lawyers","url":"https:\/\/mpcp-advogados.com\/","logo":{"@type":"ImageObject","inLanguage":"en-GB","@id":"https:\/\/mpcp-advogados.com\/#\/schema\/logo\/image\/","url":"https:\/\/mpcp-advogados.com\/wp-content\/uploads\/2022\/02\/lmpcp-logo-black.svg","contentUrl":"https:\/\/mpcp-advogados.com\/wp-content\/uploads\/2022\/02\/lmpcp-logo-black.svg","width":239,"height":79,"caption":"MPCP Advogados"},"image":{"@id":"https:\/\/mpcp-advogados.com\/#\/schema\/logo\/image\/"}}]}},"_links":{"self":[{"href":"https:\/\/mpcp-advogados.com\/en\/wp-json\/wp\/v2\/pages\/3","targetHints":{"allow":["GET"]}}],"collection":[{"href":"https:\/\/mpcp-advogados.com\/en\/wp-json\/wp\/v2\/pages"}],"about":[{"href":"https:\/\/mpcp-advogados.com\/en\/wp-json\/wp\/v2\/types\/page"}],"author":[{"embeddable":true,"href":"https:\/\/mpcp-advogados.com\/en\/wp-json\/wp\/v2\/users\/1"}],"replies":[{"embeddable":true,"href":"https:\/\/mpcp-advogados.com\/en\/wp-json\/wp\/v2\/comments?post=3"}],"version-history":[{"count":10,"href":"https:\/\/mpcp-advogados.com\/en\/wp-json\/wp\/v2\/pages\/3\/revisions"}],"predecessor-version":[{"id":7115,"href":"https:\/\/mpcp-advogados.com\/en\/wp-json\/wp\/v2\/pages\/3\/revisions\/7115"}],"wp:attachment":[{"href":"https:\/\/mpcp-advogados.com\/en\/wp-json\/wp\/v2\/media?parent=3"}],"curies":[{"name":"wp","href":"https:\/\/api.w.org\/{rel}","templated":true}]}}