{"id":6536,"date":"2022-03-15T14:43:55","date_gmt":"2022-03-15T14:43:55","guid":{"rendered":"https:\/\/mpcp-advogados.com\/?page_id=6536"},"modified":"2024-08-26T15:49:53","modified_gmt":"2024-08-26T15:49:53","slug":"asset-management-rental-and-local-accommodation","status":"publish","type":"page","link":"https:\/\/mpcp-advogados.com\/en\/practice-areas\/asset-management-rental-and-local-accommodation\/","title":{"rendered":"Asset Management, Leasing and Local Accommodation"},"content":{"rendered":"<div id=\"fws_69df5eb170fe7\"  data-column-margin=\"default\" data-midnight=\"light\" data-top-percent=\"9%\" data-bottom-percent=\"9%\"  class=\"wpb_row vc_row-fluid vc_row full-width-section  top_padding_tablet_9pct top_padding_phone_20pct bottom_padding_tablet_9pct bottom_padding_phone_20pct\"  style=\"padding-top: calc(100vw * 0.09); padding-bottom: calc(100vw * 0.09); \"><div class=\"row-bg-wrap\" style=\"background-color: #ffffff;\" data-bg-animation=\"fade-in\" data-bg-overlay=\"true\"><div class=\"inner-wrap\"><div class=\"row-bg viewport-desktop using-bg-color\"  style=\"background-color: #ffffff; \"><\/div><\/div><div class=\"row-bg-overlay\" style=\"background-color:rgba(10,10,10,0.01);  opacity: 0.3; \"><\/div><\/div><div class=\"row_col_wrap_12 col span_12 light left\">\n\t<div  class=\"vc_col-sm-12 wpb_column column_container vc_column_container col no-extra-padding inherit_tablet inherit_phone\"  data-padding-pos=\"all\" data-has-bg-color=\"false\" data-bg-color=\"\" data-bg-opacity=\"1\" data-animation=\"\" data-delay=\"0\" >\n\t\t<div class=\"vc_column-inner\" >\n\t\t\t<div class=\"wpb_wrapper\">\n\t\t\t\t<div id=\"fws_69df5eb171775\" data-midnight=\"\" data-column-margin=\"default\" class=\"wpb_row vc_row-fluid vc_row inner_row\"  style=\"\"><div class=\"row-bg-wrap\"> <div class=\"row-bg\" ><\/div> <\/div><div class=\"row_col_wrap_12_inner col span_12  left\">\n\t<div  class=\"vc_col-sm-3 wpb_column column_container vc_column_container col child_column no-extra-padding inherit_tablet inherit_phone\"   data-padding-pos=\"all\" data-has-bg-color=\"false\" data-bg-color=\"\" data-bg-opacity=\"1\" data-animation=\"\" data-delay=\"0\" >\n\t\t<div class=\"vc_column-inner\" >\n\t\t<div class=\"wpb_wrapper\">\n\t\t\t<div class=\"divider-wrap\" data-alignment=\"default\"><div style=\"margin-top: 2.5px; width: 160px; height: 3px; margin-bottom: 2.5px;\" data-width=\"160\" data-animate=\"yes\" data-animation-delay=\"\" data-color=\"accent-color\" class=\"divider-small-border\"><\/div><\/div><div class=\"divider-wrap\" data-alignment=\"default\"><div style=\"height: 20px;\" class=\"divider\"><\/div><\/div><div class=\"nectar-split-heading\" data-align=\"default\" data-m-align=\"inherit\" data-text-effect=\"default\" data-animation-type=\"line-reveal-by-space\" data-animation-delay=\"0\" data-animation-offset=\"\" data-m-rm-animation=\"\" data-stagger=\"true\" data-custom-font-size=\"true\" style=\"font-size: 20px; line-height: 21.6px;\"><h3 style=\"max-width: 150px; color: #000000;\">Areas of Practice<\/h3><\/div>\n\t\t<\/div> \n\t<\/div>\n\t<\/div> \n\n\t<div  class=\"vc_col-sm-9 wpb_column column_container vc_column_container col child_column no-extra-padding inherit_tablet inherit_phone\"   data-padding-pos=\"all\" data-has-bg-color=\"false\" data-bg-color=\"\" data-bg-opacity=\"1\" data-animation=\"\" data-delay=\"0\" >\n\t\t<div class=\"vc_column-inner\" >\n\t\t<div class=\"wpb_wrapper\">\n\t\t\t<div class=\"nectar-split-heading\" data-align=\"default\" data-m-align=\"inherit\" data-text-effect=\"default\" data-animation-type=\"line-reveal-by-space\" data-animation-delay=\"0\" data-animation-offset=\"\" data-m-rm-animation=\"\" data-stagger=\"\" data-custom-font-size=\"true\" style=\"font-size: 20px; line-height: 30px;\"><p style=\" color: #000000;\">Following the practice of investing in real estate and corporate assets in Portugal, at <strong>MARQUES PINTO &amp; CALDAS PATR\u00cdCIO \u2013 ADVOGADOS, SP, RL<\/strong>, we provide various services in support of asset management, leasing and local accommodation on a daily basis, in particular:<\/p><\/div><div class=\"divider-wrap\" data-alignment=\"default\"><div style=\"height: 40px;\" class=\"divider\"><\/div><\/div><div class=\"nectar-fancy-ul\" data-list-icon=\"icon-salient-thin-line\" data-animation=\"false\" data-animation-delay=\"0\" data-color=\"accent-color\" data-spacing=\"default\" data-alignment=\"left\"> \n<ul style=\"font-size: 20px;\">\n<li><span style=\"color: #000000;\">Preparation and negotiation of investments;<\/span><\/li>\n<li><span style=\"color: #000000;\">Contracting;<\/span><\/li>\n<li><span style=\"color: #000000;\">Information on tax liabilities and tax advice;<\/span><\/li>\n<li><span style=\"color: #000000;\">Legalisation and proper processing of legal documentation, legal licensing for the various assets and activities;<\/span><\/li>\n<li><span style=\"color: #000000;\">Local accommodation \u2013 planning, licensing, and legal framework for the purposes of organising and managing the activities;<\/span><\/li>\n<li><span style=\"color: #000000;\">Residential leasing;<\/span><\/li>\n<li><span style=\"color: #000000;\">Leasing for non-residential purposes;<\/span><\/li>\n<li><span style=\"color: #000000;\">Local and international operations.<\/span><\/li>\n<\/ul>\n <\/div><div class=\"divider-wrap\" data-alignment=\"default\"><div style=\"height: 40px;\" class=\"divider\"><\/div><\/div><div class=\"nectar-cta  alignment_tablet_default alignment_phone_default display_tablet_inherit display_phone_inherit\" data-color=\"default\" data-using-bg=\"false\" data-style=\"arrow-animation\" data-display=\"block\" data-alignment=\"left\" data-text-color=\"custom\" ><h4 style=\"color: #000000;\"><span class=\"link_wrap\" ><a  class=\"link_text\" href=\"https:\/\/mpcp-advogados.com\/en\/practice-areas\/\"><span class=\"text\">See all areas<\/span><svg class=\"next-arrow\" aria-hidden=\"true\" width=\"20px\" height=\"25px\" viewbox=\"0 0 50 80\" xml:space=\"preserve\">\n  <polyline stroke=\"#ffffff\" stroke-width=\"9\" fill=\"none\" stroke-linecap=\"round\" stroke-linejoin=\"round\" points=\"0, 0 45, 40 0, 80\"\/>\n  <\/svg>  <span class=\"line\"  style=\"background-color: #000000;\"><\/span> <\/a><\/span><\/h4><\/div>\n\t\t<\/div> \n\t<\/div>\n\t<\/div> \n<\/div><\/div>\n\t\t\t<\/div> \n\t\t<\/div>\n\t<\/div> \n<\/div><\/div>","protected":false},"excerpt":{"rendered":"Areas of Practice Following the practice of investments in real estate and corporate assets in Portugal, in our firm MARQUES PINTO &amp; CALDAS PATR\u00cdCIO \u2013 ADVOGADOS, SP, RL we provide a variety of services on a daily basis...","protected":false},"author":2,"featured_media":0,"parent":6320,"menu_order":0,"comment_status":"closed","ping_status":"closed","template":"","meta":{"inline_featured_image":false,"_monsterinsights_skip_tracking":false,"_monsterinsights_sitenote_active":false,"_monsterinsights_sitenote_note":"","_monsterinsights_sitenote_category":0,"footnotes":""},"class_list":["post-6536","page","type-page","status-publish"],"yoast_head":"<!-- This site is optimized with the Yoast SEO plugin v26.4 - https:\/\/yoast.com\/wordpress\/plugins\/seo\/ -->\n<title>Gest\u00e3o de Patrim\u00f3nio, Arrendamento e Alojamento Local - MPCP Advogados<\/title>\n<meta name=\"robots\" content=\"index, follow, max-snippet:-1, max-image-preview:large, max-video-preview:-1\" \/>\n<link rel=\"canonical\" href=\"https:\/\/mpcp-advogados.com\/en\/practice-areas\/asset-management-rental-and-local-accommodation\/\" \/>\n<meta property=\"og:locale\" content=\"en_GB\" \/>\n<meta property=\"og:type\" content=\"article\" \/>\n<meta property=\"og:title\" content=\"Gest\u00e3o de Patrim\u00f3nio, Arrendamento e Alojamento Local - MPCP Advogados\" \/>\n<meta property=\"og:url\" content=\"https:\/\/mpcp-advogados.com\/en\/practice-areas\/asset-management-rental-and-local-accommodation\/\" \/>\n<meta property=\"og:site_name\" content=\"MPCP Advogados\" \/>\n<meta property=\"article:modified_time\" content=\"2024-08-26T15:49:53+00:00\" \/>\n<meta name=\"twitter:card\" content=\"summary_large_image\" \/>\n<meta name=\"twitter:label1\" content=\"Estimated reading time\" \/>\n\t<meta name=\"twitter:data1\" content=\"2 minutes\" \/>\n<script type=\"application\/ld+json\" class=\"yoast-schema-graph\">{\"@context\":\"https:\/\/schema.org\",\"@graph\":[{\"@type\":\"WebPage\",\"@id\":\"https:\/\/mpcp-advogados.com\/areas-de-pratica\/gestao-de-patrimonio-arrendamento-e-alojamento-local\/\",\"url\":\"https:\/\/mpcp-advogados.com\/areas-de-pratica\/gestao-de-patrimonio-arrendamento-e-alojamento-local\/\",\"name\":\"Gest\u00e3o de Patrim\u00f3nio, Arrendamento e Alojamento Local - MPCP Advogados\",\"isPartOf\":{\"@id\":\"https:\/\/mpcp-advogados.com\/#website\"},\"datePublished\":\"2022-03-15T14:43:55+00:00\",\"dateModified\":\"2024-08-26T15:49:53+00:00\",\"breadcrumb\":{\"@id\":\"https:\/\/mpcp-advogados.com\/areas-de-pratica\/gestao-de-patrimonio-arrendamento-e-alojamento-local\/#breadcrumb\"},\"inLanguage\":\"en-GB\",\"potentialAction\":[{\"@type\":\"ReadAction\",\"target\":[\"https:\/\/mpcp-advogados.com\/areas-de-pratica\/gestao-de-patrimonio-arrendamento-e-alojamento-local\/\"]}]},{\"@type\":\"BreadcrumbList\",\"@id\":\"https:\/\/mpcp-advogados.com\/areas-de-pratica\/gestao-de-patrimonio-arrendamento-e-alojamento-local\/#breadcrumb\",\"itemListElement\":[{\"@type\":\"ListItem\",\"position\":1,\"name\":\"In\u00edcio\",\"item\":\"https:\/\/mpcp-advogados.com\/\"},{\"@type\":\"ListItem\",\"position\":2,\"name\":\"\u00c1reas de Pr\u00e1tica\",\"item\":\"https:\/\/mpcp-advogados.com\/areas-de-pratica\/\"},{\"@type\":\"ListItem\",\"position\":3,\"name\":\"Gest\u00e3o de Patrim\u00f3nio, Arrendamento e Alojamento Local\"}]},{\"@type\":\"WebSite\",\"@id\":\"https:\/\/mpcp-advogados.com\/#website\",\"url\":\"https:\/\/mpcp-advogados.com\/\",\"name\":\"MPCP Advogados\",\"description\":\"Marques Pinto &amp; Caldas Patricio \u2013 Advogados \u00e9 um escrit\u00f3rio de advogados din\u00e2mico e pluridisciplinar, focado nas necessidades dos seus clientes e na valoriza\u00e7\u00e3o dos seus direitos e patrim\u00f3nio, adoptando uma abordagem de proximidade e disponibilidade.\",\"publisher\":{\"@id\":\"https:\/\/mpcp-advogados.com\/#organization\"},\"potentialAction\":[{\"@type\":\"SearchAction\",\"target\":{\"@type\":\"EntryPoint\",\"urlTemplate\":\"https:\/\/mpcp-advogados.com\/?s={search_term_string}\"},\"query-input\":{\"@type\":\"PropertyValueSpecification\",\"valueRequired\":true,\"valueName\":\"search_term_string\"}}],\"inLanguage\":\"en-GB\"},{\"@type\":\"Organization\",\"@id\":\"https:\/\/mpcp-advogados.com\/#organization\",\"name\":\"MPCP Advogados\",\"url\":\"https:\/\/mpcp-advogados.com\/\",\"logo\":{\"@type\":\"ImageObject\",\"inLanguage\":\"en-GB\",\"@id\":\"https:\/\/mpcp-advogados.com\/#\/schema\/logo\/image\/\",\"url\":\"https:\/\/mpcp-advogados.com\/wp-content\/uploads\/2022\/02\/lmpcp-logo-black.svg\",\"contentUrl\":\"https:\/\/mpcp-advogados.com\/wp-content\/uploads\/2022\/02\/lmpcp-logo-black.svg\",\"width\":239,\"height\":79,\"caption\":\"MPCP Advogados\"},\"image\":{\"@id\":\"https:\/\/mpcp-advogados.com\/#\/schema\/logo\/image\/\"}}]}<\/script>\n<!-- \/ Yoast SEO plugin. -->","yoast_head_json":{"title":"Asset Management, Leasing and Local Accommodation - MPCP Advogados","robots":{"index":"index","follow":"follow","max-snippet":"max-snippet:-1","max-image-preview":"max-image-preview:large","max-video-preview":"max-video-preview:-1"},"canonical":"https:\/\/mpcp-advogados.com\/en\/practice-areas\/asset-management-rental-and-local-accommodation\/","og_locale":"en_GB","og_type":"article","og_title":"Gest\u00e3o de Patrim\u00f3nio, Arrendamento e Alojamento Local - MPCP Advogados","og_url":"https:\/\/mpcp-advogados.com\/en\/practice-areas\/asset-management-rental-and-local-accommodation\/","og_site_name":"MPCP Advogados","article_modified_time":"2024-08-26T15:49:53+00:00","twitter_card":"summary_large_image","twitter_misc":{"Estimated reading time":"2 minutes"},"schema":{"@context":"https:\/\/schema.org","@graph":[{"@type":"WebPage","@id":"https:\/\/mpcp-advogados.com\/areas-de-pratica\/gestao-de-patrimonio-arrendamento-e-alojamento-local\/","url":"https:\/\/mpcp-advogados.com\/areas-de-pratica\/gestao-de-patrimonio-arrendamento-e-alojamento-local\/","name":"Asset Management, Leasing and Local Accommodation - MPCP Advogados","isPartOf":{"@id":"https:\/\/mpcp-advogados.com\/#website"},"datePublished":"2022-03-15T14:43:55+00:00","dateModified":"2024-08-26T15:49:53+00:00","breadcrumb":{"@id":"https:\/\/mpcp-advogados.com\/areas-de-pratica\/gestao-de-patrimonio-arrendamento-e-alojamento-local\/#breadcrumb"},"inLanguage":"en-GB","potentialAction":[{"@type":"ReadAction","target":["https:\/\/mpcp-advogados.com\/areas-de-pratica\/gestao-de-patrimonio-arrendamento-e-alojamento-local\/"]}]},{"@type":"BreadcrumbList","@id":"https:\/\/mpcp-advogados.com\/areas-de-pratica\/gestao-de-patrimonio-arrendamento-e-alojamento-local\/#breadcrumb","itemListElement":[{"@type":"ListItem","position":1,"name":"In\u00edcio","item":"https:\/\/mpcp-advogados.com\/"},{"@type":"ListItem","position":2,"name":"\u00c1reas de Pr\u00e1tica","item":"https:\/\/mpcp-advogados.com\/areas-de-pratica\/"},{"@type":"ListItem","position":3,"name":"Gest\u00e3o de Patrim\u00f3nio, Arrendamento e Alojamento Local"}]},{"@type":"WebSite","@id":"https:\/\/mpcp-advogados.com\/#website","url":"https:\/\/mpcp-advogados.com\/","name":"MPCP Lawyers","description":"Marques Pinto &amp; Caldas Patricio - Advogados is a dynamic and multidisciplinary law firm in Lisbon, focused on the needs of its clients and on the valuation of their rights and assets, adopting an approach of proximity and availability.","publisher":{"@id":"https:\/\/mpcp-advogados.com\/#organization"},"potentialAction":[{"@type":"SearchAction","target":{"@type":"EntryPoint","urlTemplate":"https:\/\/mpcp-advogados.com\/?s={search_term_string}"},"query-input":{"@type":"PropertyValueSpecification","valueRequired":true,"valueName":"search_term_string"}}],"inLanguage":"en-GB"},{"@type":"Organization","@id":"https:\/\/mpcp-advogados.com\/#organization","name":"MPCP Lawyers","url":"https:\/\/mpcp-advogados.com\/","logo":{"@type":"ImageObject","inLanguage":"en-GB","@id":"https:\/\/mpcp-advogados.com\/#\/schema\/logo\/image\/","url":"https:\/\/mpcp-advogados.com\/wp-content\/uploads\/2022\/02\/lmpcp-logo-black.svg","contentUrl":"https:\/\/mpcp-advogados.com\/wp-content\/uploads\/2022\/02\/lmpcp-logo-black.svg","width":239,"height":79,"caption":"MPCP Advogados"},"image":{"@id":"https:\/\/mpcp-advogados.com\/#\/schema\/logo\/image\/"}}]}},"_links":{"self":[{"href":"https:\/\/mpcp-advogados.com\/en\/wp-json\/wp\/v2\/pages\/6536","targetHints":{"allow":["GET"]}}],"collection":[{"href":"https:\/\/mpcp-advogados.com\/en\/wp-json\/wp\/v2\/pages"}],"about":[{"href":"https:\/\/mpcp-advogados.com\/en\/wp-json\/wp\/v2\/types\/page"}],"author":[{"embeddable":true,"href":"https:\/\/mpcp-advogados.com\/en\/wp-json\/wp\/v2\/users\/2"}],"replies":[{"embeddable":true,"href":"https:\/\/mpcp-advogados.com\/en\/wp-json\/wp\/v2\/comments?post=6536"}],"version-history":[{"count":4,"href":"https:\/\/mpcp-advogados.com\/en\/wp-json\/wp\/v2\/pages\/6536\/revisions"}],"predecessor-version":[{"id":7154,"href":"https:\/\/mpcp-advogados.com\/en\/wp-json\/wp\/v2\/pages\/6536\/revisions\/7154"}],"up":[{"embeddable":true,"href":"https:\/\/mpcp-advogados.com\/en\/wp-json\/wp\/v2\/pages\/6320"}],"wp:attachment":[{"href":"https:\/\/mpcp-advogados.com\/en\/wp-json\/wp\/v2\/media?parent=6536"}],"curies":[{"name":"wp","href":"https:\/\/api.w.org\/{rel}","templated":true}]}}