{"id":3,"date":"2022-02-15T12:15:34","date_gmt":"2022-02-15T12:15:34","guid":{"rendered":"https:\/\/mpcp-advogados.com\/?page_id=3"},"modified":"2024-09-10T15:43:47","modified_gmt":"2024-09-10T15:43:47","slug":"politique-de-confidentialite","status":"publish","type":"page","link":"https:\/\/mpcp-advogados.com\/fr\/politique-de-confidentialite\/","title":{"rendered":"politique de confidentialit\u00e9"},"content":{"rendered":"<div id=\"fws_69fc43898bb31\"  data-column-margin=\"default\" data-midnight=\"dark\"  class=\"wpb_row vc_row-fluid vc_row\"  style=\"padding-top: 0px; padding-bottom: 0px; \"><div class=\"row-bg-wrap\" data-bg-animation=\"none\" data-bg-overlay=\"false\"><div class=\"inner-wrap\"><div class=\"row-bg viewport-desktop\"  style=\"\"><\/div><\/div><\/div><div class=\"row_col_wrap_12 col span_12 dark left\">\n\t<div  class=\"vc_col-sm-12 wpb_column column_container vc_column_container col no-extra-padding inherit_tablet inherit_phone\"  data-padding-pos=\"all\" data-has-bg-color=\"false\" data-bg-color=\"\" data-bg-opacity=\"1\" data-animation=\"\" data-delay=\"0\" >\n\t\t<div class=\"vc_column-inner\" >\n\t\t\t<div class=\"wpb_wrapper\">\n\t\t\t\t\n<div class=\"wpb_text_column wpb_content_element\" >\n\t<div class=\"wpb_wrapper\">\n\t\t<h3><strong>Conditions d&#039;utilisation<\/strong><\/h3>\n<p>Le contenu de ce site Internet est mis \u00e0 disposition exclusivement dans le but de fournir des informations g\u00e9n\u00e9rales et ne constitue pas une prestation de services juridiques. La soci\u00e9t\u00e9 \u00ab MARQUES PINTO &amp; CALDAS PATR\u00cdCIO \u2013 SOCIEDADE DE ADVOGADOS, SP, RL \u00bb exclut toute responsabilit\u00e9 pour tout dommage pouvant survenir en relation avec les informations contenues dans ce document. Ce site Internet est uniquement \u00e0 titre informatif et ne contient aucun contenu publicitaire.<\/p>\n<p>La soci\u00e9t\u00e9 \u00ab MARQUES PINTO &amp; CALDAS PATR\u00cdCIO \u2013 SOCIEDADE DE ADVOGADOS, SP,RL \u00bb autorise le t\u00e9l\u00e9chargement et le stockage temporaire du contenu de ce site Web dans le but de le visualiser sur un appareil personnel. La reproduction, le stockage permanent ou la retransmission du contenu de ce site sont express\u00e9ment interdits sans l&#039;autorisation \u00e9crite pr\u00e9alable de notre soci\u00e9t\u00e9. Tous les droits relatifs \u00e0 ce site Web sont la propri\u00e9t\u00e9 exclusive de la soci\u00e9t\u00e9 \u00ab MARQUES PINTO &amp; CALDAS PATR\u00cdCIO \u2013 SOCIEDADE DE ADVOGADOS, SP, RL \u00bb.<\/p>\n<p>&nbsp;<\/p>\n<h3><strong>politique de confidentialit\u00e9<\/strong><\/h3>\n<p>La soci\u00e9t\u00e9 \u00ab MARQUES PINTO &amp; CALDAS PATR\u00cdCIO \u2013 SOCIEDADE DE ADVOGADOS, SP, RL \u00bb respecte votre vie priv\u00e9e. Cette politique de confidentialit\u00e9 d\u00e9crit qui nous sommes, \u00e0 quelles fins nous pouvons utiliser vos donn\u00e9es, comment nous les traitons, avec qui nous les partageons, combien de temps nous les conservons, ainsi que les moyens de nous contacter et d&#039;exercer vos droits.<\/p>\n<p>&nbsp;<\/p>\n<h4>Qui nous sommes?<\/h4>\n<p>Vos donn\u00e9es seront trait\u00e9es par notre soci\u00e9t\u00e9, dont le si\u00e8ge est Av. Duque de Loul\u00e9, 24, 7 Esq., 1050-090 Lisboa, qui est l&#039;entit\u00e9 responsable du traitement des donn\u00e9es personnelles au sens du R\u00e8glement G\u00e9n\u00e9ral sur la Protection des Donn\u00e9es.<\/p>\n<p>&nbsp;<\/p>\n<h4>Pourquoi traitons-nous vos informations ?<\/h4>\n<p>La soci\u00e9t\u00e9 \u00ab MARQUES PINTO &amp; CALDAS PATR\u00cdCIO \u2013 SOCIEDADE DE ADVOGADOS, SP, RL \u00bb traitera uniquement vos donn\u00e9es personnelles :<\/p>\n<ol>\n<li>Aux fins de l&#039;ex\u00e9cution d&#039;un contrat, tel que des contrats de fourniture de services juridiques ou des contrats avec nos fournisseurs\u00a0;<\/li>\n<li>Dans la poursuite d\u2019un int\u00e9r\u00eat l\u00e9gitime, \u00e0 savoir :\n<ul>\n<li>a) Desenvolvimento e manuten\u00e7\u00e3o do nosso s\u00edtio;<\/li>\n<li>b) Presta\u00e7\u00e3o de assist\u00eancia t\u00e9cnica;<\/li>\n<li>c) Preven\u00e7\u00e3o e detec\u00e7\u00e3o de fraude;<\/li>\n<li>d) Assegurar a seguran\u00e7a de rede e de informa\u00e7\u00e3o;<\/li>\n<li>e) Presta\u00e7\u00e3o de servi\u00e7os ou informa\u00e7\u00e3o<\/li>\n<\/ul>\n<p>&nbsp;<\/li>\n<li>Com o seu consentimento para tratar os seus dados pessoais para finalidades espec\u00edficas, expl\u00edcitas e leg\u00edtimas; e\/ou<\/li>\n<li>Si n\u00e9cessaire aux fins du respect des obligations l\u00e9gales applicables\u00a0;<\/li>\n<\/ol>\n<p>&nbsp;<\/p>\n<h4>Dans quel but traitons-nous vos informations ?<\/h4>\n<p>Lorsque vous remplissez les formulaires disponibles sur notre site internet, vos donn\u00e9es personnelles (telles que nom, email, num\u00e9ro de t\u00e9l\u00e9phone ou adresse) sont collect\u00e9es par notre soci\u00e9t\u00e9 et trait\u00e9es afin de r\u00e9pondre \u00e0 vos questions et demandes ou de vous fournir des informations.<br \/>\nVous pouvez \u00e0 tout moment vous opposer au traitement de vos donn\u00e9es.<br \/>\nVotre consentement est essentiel pour que la soci\u00e9t\u00e9 \u00ab MARQUES PINTO &amp; CALDAS PATR\u00cdCIO \u2013 SOCIEDADE DE ADVOGADOS, SP, RL \u00bb traite vos donn\u00e9es personnelles aux fins d\u00e9crites ci-dessus. Toutefois, si vous choisissez de ne pas donner votre consentement, votre visite et votre utilisation de notre site Web ne seront pas affect\u00e9es.<\/p>\n<p>&nbsp;<\/p>\n<h4>Combien de temps conservons-nous vos informations ?<\/h4>\n<p>Notre politique est de conserver les donn\u00e9es uniquement pendant la p\u00e9riode n\u00e9cessaire pour atteindre les finalit\u00e9s pour lesquelles elles ont \u00e9t\u00e9 collect\u00e9es. Toutefois, dans certains cas, nous pouvons conserver les donn\u00e9es pour des dur\u00e9es plus longues, notamment en raison d&#039;exigences l\u00e9gales.<\/p>\n<p>&nbsp;<\/p>\n<h4>Quels sont mes droits ?<\/h4>\n<p>A tout moment, vous pouvez :<\/p>\n<ol>\n<li style=\"list-style-type: none;\">\n<ol>\n<li style=\"list-style-type: none;\">\n<ol>\n<li>Solicitar o acesso \u00e0 informa\u00e7\u00e3o que mantemos sobre si.<\/li>\n<li>Solicitar a rectifica\u00e7\u00e3o da informa\u00e7\u00e3o caso esteja inexacta ou incompleta.<\/li>\n<li>Demandez la suppression de vos donn\u00e9es personnelles.<br \/>\nEn tant que titulaire de donn\u00e9es personnelles, vous avez le droit de demander \u00e0 notre soci\u00e9t\u00e9 \u00ab MARQUES PINTO &amp; CALDAS PATR\u00cdCIO \u2013 SOCIEDADE DE ADVOGADOS, SP, RL \u00bb de supprimer vos donn\u00e9es sans d\u00e9lai indu, et notre soci\u00e9t\u00e9 a l&#039;obligation de supprimer les donn\u00e9es sans d\u00e9lai injustifi\u00e9. retard, lorsque notamment l\u2019une des raisons suivantes s\u2019applique :<br \/>\nOs dados pessoais deixaram de ser necess\u00e1rios para a finalidade que motivou a sua recolha ou tratamento;<br \/>\nCaso tenha retirado o seu consentimento para o tratamento de dados (nos casos em que o tratamento \u00e9 baseado no\u00a0\u00a0\u00a0 consentimento) e n\u00e3o existir outro fundamento para o referido tratamento;<br \/>\nCaso se oponha ao tratamento e n\u00e3o existem interesses leg\u00edtimos prevalecentes que justifiquem o tratamento.<\/li>\n<li>Solicitar a\u00a0limita\u00e7\u00e3o do tratamento\u00a0dos seus dados pessoais.<br \/>\nEn tant que titulaire des donn\u00e9es, vous avez le droit de demander \u00e0 notre soci\u00e9t\u00e9 \u00ab MARQUES PINTO &amp; CALDAS PATR\u00cdCIO \u2013 SOCIEDADE DE ADVOGADOS, SP, RL \u00bb de limiter le traitement de vos donn\u00e9es si, notamment, l&#039;une des situations suivantes s&#039;applique :<\/p>\n<ul>\n<li>a) Contesta\u00e7\u00e3o sobre exactid\u00e3o dos dados pessoais, durante um per\u00edodo que permita ao Escrit\u00f3rio verificar a sua exactid\u00e3o;<\/li>\n<li>b) O tratamento de dados for l\u00edcito e o titular dos dados se opuser ao apagamento dos dados pessoais e solicitar, em contrapartida, a limita\u00e7\u00e3o da sua utiliza\u00e7\u00e3o;<\/li>\n<li>c)\u00a0A nossa sociedade j\u00e1 n\u00e3o precisar dos dados pessoais para fins de tratamento, mas esses dados s\u00e3o requeridos pelo titular para efeitos de declara\u00e7\u00e3o, exerc\u00edcio ou defesa de um direito num processo judicial;<\/li>\n<li>d)\u00a0Caso se tenha oposto ao tratamento, at\u00e9 se verificar que os motivos leg\u00edtimos do respons\u00e1vel pelo tratamento prevalecem sobre os do titular dos dados.<\/li>\n<\/ul>\n<p>&nbsp;<\/li>\n<li>Opor-se\u00a0ao tratamento dos seus dados pessoais.<\/li>\n<li>Se o tratamento depender do seu\u00a0consentimento,\u00a0tem direito a\u00a0retir\u00e1-lo.<\/li>\n<\/ol>\n<\/li>\n<\/ol>\n<p>&nbsp;<\/p>\n<p>Caso pretenda exercer qualquer um dos seus direitos, e\/ou obter qualquer esclarecimento sobre tratamento dos seus dados pessoais, dever\u00e1 contactar-nos, por escrito, atrav\u00e9s do endere\u00e7o de correio electr\u00f3nico info@mpcp-legal.com ou por carta, enviada para a morada Av. Duque de Loul\u00e9, 24, 7 Esq., 1050-090 Lisboa.<br \/>\nCaso assim entenda, tem ainda o direito de apresentar uma reclama\u00e7\u00e3o \u00e0 Comiss\u00e3o Nacional de Protec\u00e7\u00e3o de Dados.<\/p>\n<p>&nbsp;<\/p>\n<h4>S\u00e9curit\u00e9 et confidentialit\u00e9<\/h4>\n<p>Nous nous engageons \u00e0 assurer la s\u00e9curit\u00e9 de vos donn\u00e9es et nous employons des mesures de s\u00e9curit\u00e9 appropri\u00e9es pour garantir la protection de vos donn\u00e9es personnelles et emp\u00eacher l&#039;acc\u00e8s \u00e0 celles-ci par des personnes non autoris\u00e9es. Nous soumettons nos syst\u00e8mes et politiques de s\u00e9curit\u00e9 \u00e0 des examens p\u00e9riodiques pour garantir que les donn\u00e9es sont s\u00fbres et prot\u00e9g\u00e9es.<\/p>\n<p>A confidencialidade da sua informa\u00e7\u00e3o ser\u00e1 respeitada, segundo a presente Pol\u00edtica de Privacidade e a legisla\u00e7\u00e3o aplic\u00e1vel. N\u00e3o vendemos, distribu\u00edmos ou de qualquer outro modo disponibilizamos comercialmente a sua informa\u00e7\u00e3o a qualquer terceiro.<\/li>\n<\/ol>\n\t<\/div>\n<\/div>\n\n\n\n\n\t\t\t<\/div> \n\t\t<\/div>\n\t<\/div> \n<\/div><\/div>","protected":false},"excerpt":{"rendered":"Termos de Utiliza\u00e7\u00e3o O conte\u00fado deste site \u00e9 disponibilizado exclusivamente com o objectivo de fornecer informa\u00e7\u00f5es de car\u00e1cter geral e n\u00e3o constitui qualquer presta\u00e7\u00e3o de servi\u00e7os jur\u00eddicos. A sociedade \u201cMARQUES...","protected":false},"author":1,"featured_media":0,"parent":0,"menu_order":0,"comment_status":"closed","ping_status":"open","template":"","meta":{"inline_featured_image":false,"_monsterinsights_skip_tracking":false,"_monsterinsights_sitenote_active":false,"_monsterinsights_sitenote_note":"","_monsterinsights_sitenote_category":0,"footnotes":""},"class_list":["post-3","page","type-page","status-publish"],"yoast_head":"<!-- This site is optimized with the Yoast SEO plugin v26.4 - https:\/\/yoast.com\/wordpress\/plugins\/seo\/ -->\n<title>Pol\u00edtica de privacidade - MPCP Advogados<\/title>\n<meta name=\"robots\" content=\"index, follow, max-snippet:-1, max-image-preview:large, max-video-preview:-1\" \/>\n<link rel=\"canonical\" href=\"https:\/\/mpcp-advogados.com\/fr\/politique-de-confidentialite\/\" \/>\n<meta property=\"og:locale\" content=\"fr_FR\" \/>\n<meta property=\"og:type\" content=\"article\" \/>\n<meta property=\"og:title\" content=\"Pol\u00edtica de privacidade - MPCP Advogados\" \/>\n<meta property=\"og:url\" content=\"https:\/\/mpcp-advogados.com\/fr\/politique-de-confidentialite\/\" \/>\n<meta property=\"og:site_name\" content=\"MPCP Advogados\" \/>\n<meta property=\"article:modified_time\" content=\"2024-09-10T15:43:47+00:00\" \/>\n<meta name=\"twitter:card\" content=\"summary_large_image\" \/>\n<meta name=\"twitter:label1\" content=\"Dur\u00e9e de lecture estim\u00e9e\" \/>\n\t<meta name=\"twitter:data1\" content=\"6 minutes\" \/>\n<script type=\"application\/ld+json\" class=\"yoast-schema-graph\">{\"@context\":\"https:\/\/schema.org\",\"@graph\":[{\"@type\":\"WebPage\",\"@id\":\"https:\/\/mpcp-advogados.com\/politica-privacidade\/\",\"url\":\"https:\/\/mpcp-advogados.com\/politica-privacidade\/\",\"name\":\"Pol\u00edtica de privacidade - MPCP Advogados\",\"isPartOf\":{\"@id\":\"https:\/\/mpcp-advogados.com\/#website\"},\"datePublished\":\"2022-02-15T12:15:34+00:00\",\"dateModified\":\"2024-09-10T15:43:47+00:00\",\"breadcrumb\":{\"@id\":\"https:\/\/mpcp-advogados.com\/politica-privacidade\/#breadcrumb\"},\"inLanguage\":\"fr-FR\",\"potentialAction\":[{\"@type\":\"ReadAction\",\"target\":[\"https:\/\/mpcp-advogados.com\/politica-privacidade\/\"]}]},{\"@type\":\"BreadcrumbList\",\"@id\":\"https:\/\/mpcp-advogados.com\/politica-privacidade\/#breadcrumb\",\"itemListElement\":[{\"@type\":\"ListItem\",\"position\":1,\"name\":\"In\u00edcio\",\"item\":\"https:\/\/mpcp-advogados.com\/\"},{\"@type\":\"ListItem\",\"position\":2,\"name\":\"Pol\u00edtica de privacidade\"}]},{\"@type\":\"WebSite\",\"@id\":\"https:\/\/mpcp-advogados.com\/#website\",\"url\":\"https:\/\/mpcp-advogados.com\/\",\"name\":\"MPCP Advogados\",\"description\":\"Marques Pinto &amp; Caldas Patricio \u2013 Advogados \u00e9 um escrit\u00f3rio de advogados din\u00e2mico e pluridisciplinar, focado nas necessidades dos seus clientes e na valoriza\u00e7\u00e3o dos seus direitos e patrim\u00f3nio, adoptando uma abordagem de proximidade e disponibilidade.\",\"publisher\":{\"@id\":\"https:\/\/mpcp-advogados.com\/#organization\"},\"potentialAction\":[{\"@type\":\"SearchAction\",\"target\":{\"@type\":\"EntryPoint\",\"urlTemplate\":\"https:\/\/mpcp-advogados.com\/?s={search_term_string}\"},\"query-input\":{\"@type\":\"PropertyValueSpecification\",\"valueRequired\":true,\"valueName\":\"search_term_string\"}}],\"inLanguage\":\"fr-FR\"},{\"@type\":\"Organization\",\"@id\":\"https:\/\/mpcp-advogados.com\/#organization\",\"name\":\"MPCP Advogados\",\"url\":\"https:\/\/mpcp-advogados.com\/\",\"logo\":{\"@type\":\"ImageObject\",\"inLanguage\":\"fr-FR\",\"@id\":\"https:\/\/mpcp-advogados.com\/#\/schema\/logo\/image\/\",\"url\":\"https:\/\/mpcp-advogados.com\/wp-content\/uploads\/2022\/02\/lmpcp-logo-black.svg\",\"contentUrl\":\"https:\/\/mpcp-advogados.com\/wp-content\/uploads\/2022\/02\/lmpcp-logo-black.svg\",\"width\":239,\"height\":79,\"caption\":\"MPCP Advogados\"},\"image\":{\"@id\":\"https:\/\/mpcp-advogados.com\/#\/schema\/logo\/image\/\"}}]}<\/script>\n<!-- \/ Yoast SEO plugin. -->","yoast_head_json":{"title":"Politique de confidentialit\u00e9 - MPCP Avocats","robots":{"index":"index","follow":"follow","max-snippet":"max-snippet:-1","max-image-preview":"max-image-preview:large","max-video-preview":"max-video-preview:-1"},"canonical":"https:\/\/mpcp-advogados.com\/fr\/politique-de-confidentialite\/","og_locale":"fr_FR","og_type":"article","og_title":"Pol\u00edtica de privacidade - MPCP Advogados","og_url":"https:\/\/mpcp-advogados.com\/fr\/politique-de-confidentialite\/","og_site_name":"MPCP Advogados","article_modified_time":"2024-09-10T15:43:47+00:00","twitter_card":"summary_large_image","twitter_misc":{"Dur\u00e9e de lecture estim\u00e9e":"6 minutes"},"schema":{"@context":"https:\/\/schema.org","@graph":[{"@type":"WebPage","@id":"https:\/\/mpcp-advogados.com\/politica-privacidade\/","url":"https:\/\/mpcp-advogados.com\/politica-privacidade\/","name":"Politique de confidentialit\u00e9 - MPCP Avocats","isPartOf":{"@id":"https:\/\/mpcp-advogados.com\/#website"},"datePublished":"2022-02-15T12:15:34+00:00","dateModified":"2024-09-10T15:43:47+00:00","breadcrumb":{"@id":"https:\/\/mpcp-advogados.com\/politica-privacidade\/#breadcrumb"},"inLanguage":"fr-FR","potentialAction":[{"@type":"ReadAction","target":["https:\/\/mpcp-advogados.com\/politica-privacidade\/"]}]},{"@type":"BreadcrumbList","@id":"https:\/\/mpcp-advogados.com\/politica-privacidade\/#breadcrumb","itemListElement":[{"@type":"ListItem","position":1,"name":"In\u00edcio","item":"https:\/\/mpcp-advogados.com\/"},{"@type":"ListItem","position":2,"name":"Pol\u00edtica de privacidade"}]},{"@type":"WebSite","@id":"https:\/\/mpcp-advogados.com\/#website","url":"https:\/\/mpcp-advogados.com\/","name":"MPCP Avocats","description":"Dynamique et pluridisciplinaire,<strong> MARQUES PINTO &amp; CALDAS PATR\u00cdCIO \u2013 ADVOGADOS, SP, R.L.<\/strong> est un cabinet d\u2019avocats centr\u00e9 sur ses clients et d\u00e9vou\u00e9 \u00e0 la valorisation de leurs droits et patrimoine, avec une approche de proximit\u00e9 et disponibilit\u00e9.","publisher":{"@id":"https:\/\/mpcp-advogados.com\/#organization"},"potentialAction":[{"@type":"SearchAction","target":{"@type":"EntryPoint","urlTemplate":"https:\/\/mpcp-advogados.com\/?s={search_term_string}"},"query-input":{"@type":"PropertyValueSpecification","valueRequired":true,"valueName":"search_term_string"}}],"inLanguage":"fr-FR"},{"@type":"Organization","@id":"https:\/\/mpcp-advogados.com\/#organization","name":"MPCP Avocats","url":"https:\/\/mpcp-advogados.com\/","logo":{"@type":"ImageObject","inLanguage":"fr-FR","@id":"https:\/\/mpcp-advogados.com\/#\/schema\/logo\/image\/","url":"https:\/\/mpcp-advogados.com\/wp-content\/uploads\/2022\/02\/lmpcp-logo-black.svg","contentUrl":"https:\/\/mpcp-advogados.com\/wp-content\/uploads\/2022\/02\/lmpcp-logo-black.svg","width":239,"height":79,"caption":"MPCP Advogados"},"image":{"@id":"https:\/\/mpcp-advogados.com\/#\/schema\/logo\/image\/"}}]}},"_links":{"self":[{"href":"https:\/\/mpcp-advogados.com\/fr\/wp-json\/wp\/v2\/pages\/3","targetHints":{"allow":["GET"]}}],"collection":[{"href":"https:\/\/mpcp-advogados.com\/fr\/wp-json\/wp\/v2\/pages"}],"about":[{"href":"https:\/\/mpcp-advogados.com\/fr\/wp-json\/wp\/v2\/types\/page"}],"author":[{"embeddable":true,"href":"https:\/\/mpcp-advogados.com\/fr\/wp-json\/wp\/v2\/users\/1"}],"replies":[{"embeddable":true,"href":"https:\/\/mpcp-advogados.com\/fr\/wp-json\/wp\/v2\/comments?post=3"}],"version-history":[{"count":10,"href":"https:\/\/mpcp-advogados.com\/fr\/wp-json\/wp\/v2\/pages\/3\/revisions"}],"predecessor-version":[{"id":7115,"href":"https:\/\/mpcp-advogados.com\/fr\/wp-json\/wp\/v2\/pages\/3\/revisions\/7115"}],"wp:attachment":[{"href":"https:\/\/mpcp-advogados.com\/fr\/wp-json\/wp\/v2\/media?parent=3"}],"curies":[{"name":"wp","href":"https:\/\/api.w.org\/{rel}","templated":true}]}}