{"id":6320,"date":"2022-03-01T15:22:24","date_gmt":"2022-03-01T15:22:24","guid":{"rendered":"https:\/\/mpcp-advogados.com\/?page_id=6320"},"modified":"2024-04-29T16:40:39","modified_gmt":"2024-04-29T16:40:39","slug":"domaines-de-pratique","status":"publish","type":"page","link":"https:\/\/mpcp-advogados.com\/fr\/domaines-de-pratique\/","title":{"rendered":"Comp\u00e9tences"},"content":{"rendered":"<div id=\"fws_69df1d86a0819\"  data-column-margin=\"default\" data-midnight=\"light\" data-top-percent=\"6%\" data-bottom-percent=\"6%\"  class=\"wpb_row vc_row-fluid vc_row full-width-section  top_padding_tablet_9pct top_padding_phone_20pct bottom_padding_tablet_9pct bottom_padding_phone_20pct\"  style=\"padding-top: calc(100vw * 0.06); padding-bottom: calc(100vw * 0.06); \"><div class=\"row-bg-wrap\" style=\"background-color: #ffffff;\" data-bg-animation=\"fade-in\" data-bg-overlay=\"true\"><div class=\"inner-wrap\"><div class=\"row-bg viewport-desktop using-bg-color\"  style=\"background-color: #ffffff; \"><\/div><\/div><div class=\"row-bg-overlay\" style=\"background-color:rgba(10,10,10,0.01);  opacity: 0.3; \"><\/div><\/div><div class=\"row_col_wrap_12 col span_12 light left\">\n\t<div  class=\"vc_col-sm-12 wpb_column column_container vc_column_container col no-extra-padding inherit_tablet inherit_phone\"  data-padding-pos=\"all\" data-has-bg-color=\"false\" data-bg-color=\"\" data-bg-opacity=\"1\" data-animation=\"\" data-delay=\"0\" >\n\t\t<div class=\"vc_column-inner\" >\n\t\t\t<div class=\"wpb_wrapper\">\n\t\t\t\t<div id=\"fws_69df1d86a208f\" data-midnight=\"\" data-column-margin=\"default\" class=\"wpb_row vc_row-fluid vc_row inner_row section-mundo-em-movimento\"  style=\"padding-bottom: 30px; \"><div class=\"row-bg-wrap\"> <div class=\"row-bg\" ><\/div> <\/div><div class=\"row_col_wrap_12_inner col span_12  left\">\n\t<div  class=\"vc_col-sm-3 wpb_column column_container vc_column_container col child_column no-extra-padding inherit_tablet inherit_phone\"   data-padding-pos=\"all\" data-has-bg-color=\"false\" data-bg-color=\"\" data-bg-opacity=\"1\" data-animation=\"\" data-delay=\"0\" >\n\t\t<div class=\"vc_column-inner\" >\n\t\t<div class=\"wpb_wrapper\">\n\t\t\t<div class=\"divider-wrap\" data-alignment=\"default\"><div style=\"margin-top: 2.5px; width: 160px; height: 3px; margin-bottom: 2.5px;\" data-width=\"160\" data-animate=\"yes\" data-animation-delay=\"\" data-color=\"accent-color\" class=\"divider-small-border\"><\/div><\/div><div class=\"divider-wrap\" data-alignment=\"default\"><div style=\"height: 20px;\" class=\"divider\"><\/div><\/div><div class=\"nectar-split-heading\" data-align=\"default\" data-m-align=\"inherit\" data-text-effect=\"default\" data-animation-type=\"line-reveal-by-space\" data-animation-delay=\"0\" data-animation-offset=\"\" data-m-rm-animation=\"\" data-stagger=\"true\" data-custom-font-size=\"true\" style=\"font-size: 20px; line-height: 21.6px;\"><h1 style=\"max-width: 150px; color: #000000;\">Comp\u00e9tences<\/h1><\/div>\n\t\t<\/div> \n\t<\/div>\n\t<\/div> \n\n\t<div  class=\"vc_col-sm-9 wpb_column column_container vc_column_container col child_column no-extra-padding inherit_tablet inherit_phone\"   data-padding-pos=\"all\" data-has-bg-color=\"false\" data-bg-color=\"\" data-bg-opacity=\"1\" data-animation=\"\" data-delay=\"0\" >\n\t\t<div class=\"vc_column-inner\" >\n\t\t<div class=\"wpb_wrapper\">\n\t\t\t\n\t\t<\/div> \n\t<\/div>\n\t<\/div> \n<\/div><\/div><div id=\"fws_69df1d86a38b6\" data-midnight=\"\" data-column-margin=\"default\" class=\"wpb_row vc_row-fluid vc_row inner_row section-mundo-em-movimento\"  style=\"\"><div class=\"row-bg-wrap\"> <div class=\"row-bg\" ><\/div> <\/div><div class=\"row_col_wrap_12_inner col span_12  left\">\n\t<div  class=\"vc_col-sm-6 wpb_column column_container vc_column_container col child_column no-extra-padding inherit_tablet inherit_phone\"   data-padding-pos=\"all\" data-has-bg-color=\"false\" data-bg-color=\"\" data-bg-opacity=\"1\" data-animation=\"\" data-delay=\"0\" >\n\t\t<div class=\"vc_column-inner\" >\n\t\t<div class=\"wpb_wrapper\">\n\t\t\t<a class=\"nectar-button jumbo see-through-2  has-icon button-list-vertical\"  style=\"border-color: #000000; color: #000000;\"  href=\"https:\/\/mpcp-advogados.com\/fr\/domaines-de-pratique\/urbanisme-et-construction-immobiliere\/\" data-color-override=\"#000000\"  data-hover-color-override=\"#ffffff\" data-hover-text-color-override=\"#000000\"><span>Immobilier, Urbanisme et Construction<\/span><i  class=\"icon-button-arrow\"><\/i><\/a><a class=\"nectar-button jumbo see-through-2  has-icon button-list-vertical\"  style=\"border-color: #000000; color: #000000;\"  href=\"https:\/\/mpcp-advogados.com\/fr\/domaines-de-pratique\/gestion-dactifs-location-et-hebergement-sur-place\/\" data-color-override=\"#000000\"  data-hover-color-override=\"#ffffff\" data-hover-text-color-override=\"#000000\"><span>Gestion de Patrimoine, Location et Location Touristique<\/span><i  class=\"icon-button-arrow\"><\/i><\/a><a class=\"nectar-button jumbo see-through-2  has-icon button-list-vertical\"  style=\"border-color: #000000; color: #000000;\"  href=\"https:\/\/mpcp-advogados.com\/fr\/domaines-de-pratique\/demarrer\/\" data-color-override=\"#000000\"  data-hover-color-override=\"#ffffff\" data-hover-text-color-override=\"#000000\"><span>D\u00e9marrer<\/span><i  class=\"icon-button-arrow\"><\/i><\/a><a class=\"nectar-button jumbo see-through-2  has-icon button-list-vertical\"  style=\"border-color: #000000; color: #000000;\"  href=\"https:\/\/mpcp-advogados.com\/fr\/domaines-de-pratique\/nationalite-immigration-residence\/\" data-color-override=\"#000000\"  data-hover-color-override=\"#ffffff\" data-hover-text-color-override=\"#000000\"><span>Nationalit\u00e9, Immigration et R\u00e9sidence par Investissement (Golden Visa)<\/span><i  class=\"icon-button-arrow\"><\/i><\/a><a class=\"nectar-button jumbo see-through-2  has-icon button-list-vertical\"  style=\"border-color: #000000; color: #000000;\"  href=\"https:\/\/mpcp-advogados.com\/fr\/domaines-de-pratique\/redressement-des-entreprises-des-particuliers-et-de-linsolvabilite\/\" data-color-override=\"#000000\"  data-hover-color-override=\"#ffffff\" data-hover-text-color-override=\"#000000\"><span>R\u00e9cup\u00e9ration d\u2019Entreprises et Individus, et Insolvabilit\u00e9<\/span><i  class=\"icon-button-arrow\"><\/i><\/a><a class=\"nectar-button jumbo see-through-2  has-icon button-list-vertical\"  style=\"border-color: #000000; color: #000000;\"  href=\"https:\/\/mpcp-advogados.com\/fr\/domaines-de-pratique\/contrats-et-services-notariaux\/\" data-color-override=\"#000000\"  data-hover-color-override=\"#ffffff\" data-hover-text-color-override=\"#000000\"><span>Contrats et services notariaux<\/span><i  class=\"icon-button-arrow\"><\/i><\/a><a class=\"nectar-button jumbo see-through-2  has-icon button-list-vertical button-list-vertical-last\"  style=\"border-color: #000000; color: #000000;\"  href=\"https:\/\/mpcp-advogados.com\/fr\/domaines-de-pratique\/resolution-de-conflits-et-contentieux\/\" data-color-override=\"#000000\"  data-hover-color-override=\"#ffffff\" data-hover-text-color-override=\"#000000\"><span>R\u00e9solution de Conflits et Contentieux<\/span><i  class=\"icon-button-arrow\"><\/i><\/a>\n\t\t<\/div> \n\t<\/div>\n\t<\/div> \n\n\t<div  class=\"vc_col-sm-6 wpb_column column_container vc_column_container col child_column no-extra-padding inherit_tablet inherit_phone\"   data-padding-pos=\"all\" data-has-bg-color=\"false\" data-bg-color=\"\" data-bg-opacity=\"1\" data-animation=\"\" data-delay=\"0\" >\n\t\t<div class=\"vc_column-inner\" >\n\t\t<div class=\"wpb_wrapper\">\n\t\t\t<a class=\"nectar-button jumbo see-through-2  has-icon button-list-vertical\"  style=\"border-color: #000000; color: #000000;\"  href=\"https:\/\/mpcp-advogados.com\/fr\/domaines-de-pratique\/commercial-dentreprise\/\" data-color-override=\"#000000\"  data-hover-color-override=\"#ffffff\" data-hover-text-color-override=\"#000000\"><span>Droit Commercial, Droit des Soci\u00e9t\u00e9s et M&amp;A<\/span><i  class=\"icon-button-arrow\"><\/i><\/a><a class=\"nectar-button jumbo see-through-2  has-icon button-list-vertical\"  style=\"border-color: #000000; color: #000000;\"  href=\"https:\/\/mpcp-advogados.com\/fr\/domaines-de-pratique\/travail-securite-sociale\/\" data-color-override=\"#000000\"  data-hover-color-override=\"#ffffff\" data-hover-text-color-override=\"#000000\"><span>Travail et S\u00e9curit\u00e9 Sociale<\/span><i  class=\"icon-button-arrow\"><\/i><\/a><a class=\"nectar-button jumbo see-through-2  has-icon button-list-vertical\"  style=\"border-color: #000000; color: #000000;\"  href=\"https:\/\/mpcp-advogados.com\/fr\/domaines-de-pratique\/exporter-importer\/\" data-color-override=\"#000000\"  data-hover-color-override=\"#ffffff\" data-hover-text-color-override=\"#000000\"><span>Exportation et Importation<\/span><i  class=\"icon-button-arrow\"><\/i><\/a><a class=\"nectar-button jumbo see-through-2  has-icon button-list-vertical\"  style=\"border-color: #000000; color: #000000;\"  href=\"https:\/\/mpcp-advogados.com\/fr\/domaines-de-pratique\/droits-dauteur-de-la-propriete-intellectuelle\/\" data-color-override=\"#000000\"  data-hover-color-override=\"#ffffff\" data-hover-text-color-override=\"#000000\"><span>Propri\u00e9t\u00e9 Intellectuelle, Marques et Droits d\u2019Auteur<\/span><i  class=\"icon-button-arrow\"><\/i><\/a><a class=\"nectar-button jumbo see-through-2  has-icon button-list-vertical\"  style=\"border-color: #000000; color: #000000;\"  href=\"https:\/\/mpcp-advogados.com\/fr\/domaines-de-pratique\/familles-qui-reussissent\/\" data-color-override=\"#000000\"  data-hover-color-override=\"#ffffff\" data-hover-text-color-override=\"#000000\"><span>Famille et successions<\/span><i  class=\"icon-button-arrow\"><\/i><\/a><a class=\"nectar-button jumbo see-through-2  has-icon button-list-vertical\"  style=\"border-color: #000000; color: #000000;\"  href=\"https:\/\/mpcp-advogados.com\/fr\/domaines-de-pratique\/recuperation-de-credit\/\" data-color-override=\"#000000\"  data-hover-color-override=\"#ffffff\" data-hover-text-color-override=\"#000000\"><span>Recouvrements de Cr\u00e9ances<\/span><i  class=\"icon-button-arrow\"><\/i><\/a><a class=\"nectar-button jumbo see-through-2  has-icon button-list-vertical button-list-vertical-last\"  style=\"border-color: #000000; color: #000000;\"  href=\"https:\/\/mpcp-advogados.com\/fr\/domaines-de-pratique\/commerce-electronique-droit-du-numerique-et-donnees-personnelles\/\" data-color-override=\"#000000\"  data-hover-color-override=\"#ffffff\" data-hover-text-color-override=\"#000000\"><span>Commerce Electronique, Droit Digital et Donn\u00e9es Personnelles<\/span><i  class=\"icon-button-arrow\"><\/i><\/a>\n\t\t<\/div> \n\t<\/div>\n\t<\/div> \n<\/div><\/div>\n\t\t\t<\/div> \n\t\t<\/div>\n\t<\/div> \n<\/div><\/div>","protected":false},"excerpt":{"rendered":"\u00c1reas de Pr\u00e1tica Imobili\u00e1rio, Urbanismo e Constru\u00e7\u00e3oGest\u00e3o de Patrim\u00f3nio, Arrendamento e Alojamento LocalStart UpNacionalidade, Imigra\u00e7\u00e3o e resid\u00eancia por investimentoRecupera\u00e7\u00e3o de empresas e indiv\u00edduos e Insolv\u00eanciaContratos e servi\u00e7os notariaisResolu\u00e7\u00e3o de Conflitos...","protected":false},"author":1,"featured_media":0,"parent":0,"menu_order":0,"comment_status":"closed","ping_status":"closed","template":"","meta":{"inline_featured_image":false,"_monsterinsights_skip_tracking":false,"_monsterinsights_sitenote_active":false,"_monsterinsights_sitenote_note":"","_monsterinsights_sitenote_category":0,"footnotes":""},"class_list":["post-6320","page","type-page","status-publish"],"yoast_head":"<!-- This site is optimized with the Yoast SEO plugin v26.4 - https:\/\/yoast.com\/wordpress\/plugins\/seo\/ -->\n<title>\u00c1reas de Pr\u00e1tica - MPCP Advogados<\/title>\n<meta name=\"robots\" content=\"index, follow, max-snippet:-1, max-image-preview:large, max-video-preview:-1\" \/>\n<link rel=\"canonical\" href=\"https:\/\/mpcp-advogados.com\/fr\/domaines-de-pratique\/\" \/>\n<meta property=\"og:locale\" content=\"fr_FR\" \/>\n<meta property=\"og:type\" content=\"article\" \/>\n<meta property=\"og:title\" content=\"\u00c1reas de Pr\u00e1tica - MPCP Advogados\" \/>\n<meta property=\"og:url\" content=\"https:\/\/mpcp-advogados.com\/fr\/domaines-de-pratique\/\" \/>\n<meta property=\"og:site_name\" content=\"MPCP Advogados\" \/>\n<meta property=\"article:modified_time\" content=\"2024-04-29T16:40:39+00:00\" \/>\n<meta name=\"twitter:card\" content=\"summary_large_image\" \/>\n<meta name=\"twitter:label1\" content=\"Dur\u00e9e de lecture estim\u00e9e\" \/>\n\t<meta name=\"twitter:data1\" content=\"3 minutes\" \/>\n<script type=\"application\/ld+json\" class=\"yoast-schema-graph\">{\"@context\":\"https:\/\/schema.org\",\"@graph\":[{\"@type\":\"WebPage\",\"@id\":\"https:\/\/mpcp-advogados.com\/areas-de-pratica\/\",\"url\":\"https:\/\/mpcp-advogados.com\/areas-de-pratica\/\",\"name\":\"\u00c1reas de Pr\u00e1tica - MPCP Advogados\",\"isPartOf\":{\"@id\":\"https:\/\/mpcp-advogados.com\/#website\"},\"datePublished\":\"2022-03-01T15:22:24+00:00\",\"dateModified\":\"2024-04-29T16:40:39+00:00\",\"breadcrumb\":{\"@id\":\"https:\/\/mpcp-advogados.com\/areas-de-pratica\/#breadcrumb\"},\"inLanguage\":\"fr-FR\",\"potentialAction\":[{\"@type\":\"ReadAction\",\"target\":[\"https:\/\/mpcp-advogados.com\/areas-de-pratica\/\"]}]},{\"@type\":\"BreadcrumbList\",\"@id\":\"https:\/\/mpcp-advogados.com\/areas-de-pratica\/#breadcrumb\",\"itemListElement\":[{\"@type\":\"ListItem\",\"position\":1,\"name\":\"In\u00edcio\",\"item\":\"https:\/\/mpcp-advogados.com\/\"},{\"@type\":\"ListItem\",\"position\":2,\"name\":\"\u00c1reas de Pr\u00e1tica\"}]},{\"@type\":\"WebSite\",\"@id\":\"https:\/\/mpcp-advogados.com\/#website\",\"url\":\"https:\/\/mpcp-advogados.com\/\",\"name\":\"MPCP Advogados\",\"description\":\"Marques Pinto &amp; Caldas Patricio \u2013 Advogados \u00e9 um escrit\u00f3rio de advogados din\u00e2mico e pluridisciplinar, focado nas necessidades dos seus clientes e na valoriza\u00e7\u00e3o dos seus direitos e patrim\u00f3nio, adoptando uma abordagem de proximidade e disponibilidade.\",\"publisher\":{\"@id\":\"https:\/\/mpcp-advogados.com\/#organization\"},\"potentialAction\":[{\"@type\":\"SearchAction\",\"target\":{\"@type\":\"EntryPoint\",\"urlTemplate\":\"https:\/\/mpcp-advogados.com\/?s={search_term_string}\"},\"query-input\":{\"@type\":\"PropertyValueSpecification\",\"valueRequired\":true,\"valueName\":\"search_term_string\"}}],\"inLanguage\":\"fr-FR\"},{\"@type\":\"Organization\",\"@id\":\"https:\/\/mpcp-advogados.com\/#organization\",\"name\":\"MPCP Advogados\",\"url\":\"https:\/\/mpcp-advogados.com\/\",\"logo\":{\"@type\":\"ImageObject\",\"inLanguage\":\"fr-FR\",\"@id\":\"https:\/\/mpcp-advogados.com\/#\/schema\/logo\/image\/\",\"url\":\"https:\/\/mpcp-advogados.com\/wp-content\/uploads\/2022\/02\/lmpcp-logo-black.svg\",\"contentUrl\":\"https:\/\/mpcp-advogados.com\/wp-content\/uploads\/2022\/02\/lmpcp-logo-black.svg\",\"width\":239,\"height\":79,\"caption\":\"MPCP Advogados\"},\"image\":{\"@id\":\"https:\/\/mpcp-advogados.com\/#\/schema\/logo\/image\/\"}}]}<\/script>\n<!-- \/ Yoast SEO plugin. -->","yoast_head_json":{"title":"Domaines de pratique - MPCP Advogados","robots":{"index":"index","follow":"follow","max-snippet":"max-snippet:-1","max-image-preview":"max-image-preview:large","max-video-preview":"max-video-preview:-1"},"canonical":"https:\/\/mpcp-advogados.com\/fr\/domaines-de-pratique\/","og_locale":"fr_FR","og_type":"article","og_title":"\u00c1reas de Pr\u00e1tica - MPCP Advogados","og_url":"https:\/\/mpcp-advogados.com\/fr\/domaines-de-pratique\/","og_site_name":"MPCP Advogados","article_modified_time":"2024-04-29T16:40:39+00:00","twitter_card":"summary_large_image","twitter_misc":{"Dur\u00e9e de lecture estim\u00e9e":"3 minutes"},"schema":{"@context":"https:\/\/schema.org","@graph":[{"@type":"WebPage","@id":"https:\/\/mpcp-advogados.com\/areas-de-pratica\/","url":"https:\/\/mpcp-advogados.com\/areas-de-pratica\/","name":"Domaines de pratique - MPCP Advogados","isPartOf":{"@id":"https:\/\/mpcp-advogados.com\/#website"},"datePublished":"2022-03-01T15:22:24+00:00","dateModified":"2024-04-29T16:40:39+00:00","breadcrumb":{"@id":"https:\/\/mpcp-advogados.com\/areas-de-pratica\/#breadcrumb"},"inLanguage":"fr-FR","potentialAction":[{"@type":"ReadAction","target":["https:\/\/mpcp-advogados.com\/areas-de-pratica\/"]}]},{"@type":"BreadcrumbList","@id":"https:\/\/mpcp-advogados.com\/areas-de-pratica\/#breadcrumb","itemListElement":[{"@type":"ListItem","position":1,"name":"In\u00edcio","item":"https:\/\/mpcp-advogados.com\/"},{"@type":"ListItem","position":2,"name":"\u00c1reas de Pr\u00e1tica"}]},{"@type":"WebSite","@id":"https:\/\/mpcp-advogados.com\/#website","url":"https:\/\/mpcp-advogados.com\/","name":"MPCP Avocats","description":"Dynamique et pluridisciplinaire,<strong> MARQUES PINTO &amp; CALDAS PATR\u00cdCIO \u2013 ADVOGADOS, SP, R.L.<\/strong> est un cabinet d\u2019avocats centr\u00e9 sur ses clients et d\u00e9vou\u00e9 \u00e0 la valorisation de leurs droits et patrimoine, avec une approche de proximit\u00e9 et disponibilit\u00e9.","publisher":{"@id":"https:\/\/mpcp-advogados.com\/#organization"},"potentialAction":[{"@type":"SearchAction","target":{"@type":"EntryPoint","urlTemplate":"https:\/\/mpcp-advogados.com\/?s={search_term_string}"},"query-input":{"@type":"PropertyValueSpecification","valueRequired":true,"valueName":"search_term_string"}}],"inLanguage":"fr-FR"},{"@type":"Organization","@id":"https:\/\/mpcp-advogados.com\/#organization","name":"MPCP Avocats","url":"https:\/\/mpcp-advogados.com\/","logo":{"@type":"ImageObject","inLanguage":"fr-FR","@id":"https:\/\/mpcp-advogados.com\/#\/schema\/logo\/image\/","url":"https:\/\/mpcp-advogados.com\/wp-content\/uploads\/2022\/02\/lmpcp-logo-black.svg","contentUrl":"https:\/\/mpcp-advogados.com\/wp-content\/uploads\/2022\/02\/lmpcp-logo-black.svg","width":239,"height":79,"caption":"MPCP Advogados"},"image":{"@id":"https:\/\/mpcp-advogados.com\/#\/schema\/logo\/image\/"}}]}},"_links":{"self":[{"href":"https:\/\/mpcp-advogados.com\/fr\/wp-json\/wp\/v2\/pages\/6320","targetHints":{"allow":["GET"]}}],"collection":[{"href":"https:\/\/mpcp-advogados.com\/fr\/wp-json\/wp\/v2\/pages"}],"about":[{"href":"https:\/\/mpcp-advogados.com\/fr\/wp-json\/wp\/v2\/types\/page"}],"author":[{"embeddable":true,"href":"https:\/\/mpcp-advogados.com\/fr\/wp-json\/wp\/v2\/users\/1"}],"replies":[{"embeddable":true,"href":"https:\/\/mpcp-advogados.com\/fr\/wp-json\/wp\/v2\/comments?post=6320"}],"version-history":[{"count":11,"href":"https:\/\/mpcp-advogados.com\/fr\/wp-json\/wp\/v2\/pages\/6320\/revisions"}],"predecessor-version":[{"id":6991,"href":"https:\/\/mpcp-advogados.com\/fr\/wp-json\/wp\/v2\/pages\/6320\/revisions\/6991"}],"wp:attachment":[{"href":"https:\/\/mpcp-advogados.com\/fr\/wp-json\/wp\/v2\/media?parent=6320"}],"curies":[{"name":"wp","href":"https:\/\/api.w.org\/{rel}","templated":true}]}}